{"id":9,"date":"2019-07-13T21:31:41","date_gmt":"2019-07-13T19:31:41","guid":{"rendered":"http:\/\/forceacademyrennes.com\/?page_id=9"},"modified":"2019-10-20T18:52:27","modified_gmt":"2019-10-20T16:52:27","slug":"a-propos-de","status":"publish","type":"page","link":"https:\/\/forceacademyrennes.com\/index.php\/a-propos-de\/","title":{"rendered":"O\u00f9 pratiquer en France ?"},"content":{"rendered":"Liste des clubs en France La FAR 35 dispense des cours \u00e0 Rennes. Si vous n\u2019\u00eates pas \u00e0 Rennes, il y a surement un club pr\u00e8s de chez vous ! &nbsp; EN SAVOIR PLUS <a href=\"https:\/\/forceacademyrennes.com\/index.php\/a-propos-de\/\" class=\"more-link\">(suite\u2026)<\/a>","protected":false},"excerpt":{"rendered":"<p>Liste des clubs en France La FAR 35 dispense des cours \u00e0 Rennes. Si vous n\u2019\u00eates pas \u00e0 Rennes, il y a surement un club pr\u00e8s de chez vous ! &nbsp; EN SAVOIR PLUS (suite\u2026)<\/p>\n","protected":false},"author":1,"featured_media":94,"parent":0,"menu_order":0,"comment_status":"closed","ping_status":"closed","template":"","meta":{"footnotes":""},"class_list":["post-9","page","type-page","status-publish","has-post-thumbnail","hentry"],"jetpack-related-posts":[],"jetpack_sharing_enabled":true,"_links":{"self":[{"href":"https:\/\/forceacademyrennes.com\/index.php\/wp-json\/wp\/v2\/pages\/9","targetHints":{"allow":["GET"]}}],"collection":[{"href":"https:\/\/forceacademyrennes.com\/index.php\/wp-json\/wp\/v2\/pages"}],"about":[{"href":"https:\/\/forceacademyrennes.com\/index.php\/wp-json\/wp\/v2\/types\/page"}],"author":[{"embeddable":true,"href":"https:\/\/forceacademyrennes.com\/index.php\/wp-json\/wp\/v2\/users\/1"}],"replies":[{"embeddable":true,"href":"https:\/\/forceacademyrennes.com\/index.php\/wp-json\/wp\/v2\/comments?post=9"}],"version-history":[{"count":4,"href":"https:\/\/forceacademyrennes.com\/index.php\/wp-json\/wp\/v2\/pages\/9\/revisions"}],"predecessor-version":[{"id":95,"href":"https:\/\/forceacademyrennes.com\/index.php\/wp-json\/wp\/v2\/pages\/9\/revisions\/95"}],"wp:featuredmedia":[{"embeddable":true,"href":"https:\/\/forceacademyrennes.com\/index.php\/wp-json\/wp\/v2\/media\/94"}],"wp:attachment":[{"href":"https:\/\/forceacademyrennes.com\/index.php\/wp-json\/wp\/v2\/media?parent=9"}],"curies":[{"name":"wp","href":"https:\/\/api.w.org\/{rel}","templated":true}]}}