{"id":309,"date":"2019-10-20T19:59:15","date_gmt":"2019-10-20T17:59:15","guid":{"rendered":"https:\/\/forceacademyrennes.com\/index.php\/following\/"},"modified":"2019-10-21T19:50:49","modified_gmt":"2019-10-21T17:50:49","slug":"following","status":"publish","type":"page","link":"https:\/\/forceacademyrennes.com\/index.php\/following\/","title":{"rendered":"Abonn\u00e9"},"content":{"rendered":"Vous devez \u00eatre connect\u00e9 pour voir ce contenu.","protected":false},"excerpt":{"rendered":"Vous devez \u00eatre connect\u00e9 pour voir ce contenu.","protected":false},"author":1,"featured_media":0,"parent":0,"menu_order":0,"comment_status":"closed","ping_status":"closed","template":"","meta":{"footnotes":""},"class_list":["post-309","page","type-page","status-publish","hentry"],"jetpack-related-posts":[],"jetpack_sharing_enabled":true,"_links":{"self":[{"href":"https:\/\/forceacademyrennes.com\/index.php\/wp-json\/wp\/v2\/pages\/309","targetHints":{"allow":["GET"]}}],"collection":[{"href":"https:\/\/forceacademyrennes.com\/index.php\/wp-json\/wp\/v2\/pages"}],"about":[{"href":"https:\/\/forceacademyrennes.com\/index.php\/wp-json\/wp\/v2\/types\/page"}],"author":[{"embeddable":true,"href":"https:\/\/forceacademyrennes.com\/index.php\/wp-json\/wp\/v2\/users\/1"}],"replies":[{"embeddable":true,"href":"https:\/\/forceacademyrennes.com\/index.php\/wp-json\/wp\/v2\/comments?post=309"}],"version-history":[{"count":1,"href":"https:\/\/forceacademyrennes.com\/index.php\/wp-json\/wp\/v2\/pages\/309\/revisions"}],"predecessor-version":[{"id":337,"href":"https:\/\/forceacademyrennes.com\/index.php\/wp-json\/wp\/v2\/pages\/309\/revisions\/337"}],"wp:attachment":[{"href":"https:\/\/forceacademyrennes.com\/index.php\/wp-json\/wp\/v2\/media?parent=309"}],"curies":[{"name":"wp","href":"https:\/\/api.w.org\/{rel}","templated":true}]}}